{"id":929,"date":"2023-02-13T20:04:35","date_gmt":"2023-02-14T01:04:35","guid":{"rendered":"https:\/\/ipac-acero.com\/?page_id=929"},"modified":"2025-10-06T12:52:05","modified_gmt":"2025-10-06T17:52:05","slug":"flejes","status":"publish","type":"page","link":"https:\/\/ipac-acero.com\/?page_id=929","title":{"rendered":"FLEJES"},"content":{"rendered":"\t\t<div data-elementor-type=\"wp-page\" data-elementor-id=\"929\" class=\"elementor elementor-929\" data-elementor-post-type=\"page\">\n\t\t\t\t\t\t<section class=\"elementor-section elementor-top-section elementor-element elementor-element-03cfb30 elementor-section-boxed elementor-section-height-default elementor-section-height-default\" data-id=\"03cfb30\" data-element_type=\"section\" data-settings=\"{&quot;background_background&quot;:&quot;classic&quot;,&quot;shape_divider_bottom&quot;:&quot;opacity-tilt&quot;}\">\n\t\t\t\t\t<div class=\"elementor-shape elementor-shape-bottom\" data-negative=\"false\">\n\t\t\t<svg xmlns=\"http:\/\/www.w3.org\/2000\/svg\" viewBox=\"0 0 2600 131.1\" preserveAspectRatio=\"none\">\n\t<path class=\"elementor-shape-fill\" d=\"M0 0L2600 0 2600 69.1 0 0z\"\/>\n\t<path class=\"elementor-shape-fill\" style=\"opacity:0.5\" d=\"M0 0L2600 0 2600 69.1 0 69.1z\"\/>\n\t<path class=\"elementor-shape-fill\" style=\"opacity:0.25\" d=\"M2600 0L0 0 0 130.1 2600 69.1z\"\/>\n<\/svg>\t\t<\/div>\n\t\t\t\t\t<div class=\"elementor-container elementor-column-gap-default\">\n\t\t\t\t\t<div class=\"elementor-column elementor-col-100 elementor-top-column elementor-element elementor-element-d980e99\" data-id=\"d980e99\" data-element_type=\"column\">\n\t\t\t<div class=\"elementor-widget-wrap elementor-element-populated\">\n\t\t\t\t\t\t<div class=\"elementor-element elementor-element-43ded6a elementor-widget elementor-widget-heading\" data-id=\"43ded6a\" data-element_type=\"widget\" data-widget_type=\"heading.default\">\n\t\t\t\t<div class=\"elementor-widget-container\">\n\t\t\t\t\t<h1 class=\"elementor-heading-title elementor-size-default\">FLEJES<\/h1>\t\t\t\t<\/div>\n\t\t\t\t<\/div>\n\t\t\t\t\t<\/div>\n\t\t<\/div>\n\t\t\t\t\t<\/div>\n\t\t<\/section>\n\t\t\t\t<section class=\"elementor-section elementor-top-section elementor-element elementor-element-366df5a elementor-section-boxed elementor-section-height-default elementor-section-height-default\" data-id=\"366df5a\" data-element_type=\"section\" data-settings=\"{&quot;background_background&quot;:&quot;classic&quot;}\">\n\t\t\t\t\t\t<div class=\"elementor-container elementor-column-gap-wide\">\n\t\t\t\t\t<div class=\"elementor-column elementor-col-20 elementor-top-column elementor-element elementor-element-ad7a042\" data-id=\"ad7a042\" data-element_type=\"column\">\n\t\t\t<div class=\"elementor-widget-wrap\">\n\t\t\t\t\t\t\t<\/div>\n\t\t<\/div>\n\t\t\t\t<div class=\"elementor-column elementor-col-20 elementor-top-column elementor-element elementor-element-3ea6961\" data-id=\"3ea6961\" data-element_type=\"column\">\n\t\t\t<div class=\"elementor-widget-wrap elementor-element-populated\">\n\t\t\t\t\t\t<div class=\"elementor-element elementor-element-032c197 elementor-widget elementor-widget-image\" data-id=\"032c197\" data-element_type=\"widget\" data-widget_type=\"image.default\">\n\t\t\t\t<div class=\"elementor-widget-container\">\n\t\t\t\t\t\t\t\t\t\t\t\t\t\t\t<img fetchpriority=\"high\" decoding=\"async\" width=\"500\" height=\"500\" src=\"https:\/\/ipac-acero.com\/wp-content\/uploads\/2023\/02\/Fleje_Caliente.jpg\" class=\"attachment-full size-full wp-image-933\" alt=\"\" srcset=\"https:\/\/ipac-acero.com\/wp-content\/uploads\/2023\/02\/Fleje_Caliente.jpg 500w, https:\/\/ipac-acero.com\/wp-content\/uploads\/2023\/02\/Fleje_Caliente-300x300.jpg 300w, https:\/\/ipac-acero.com\/wp-content\/uploads\/2023\/02\/Fleje_Caliente-150x150.jpg 150w\" sizes=\"(max-width: 500px) 100vw, 500px\" \/>\t\t\t\t\t\t\t\t\t\t\t\t\t\t\t<\/div>\n\t\t\t\t<\/div>\n\t\t\t\t<div class=\"elementor-element elementor-element-cdb7fa5 elementor-widget elementor-widget-heading\" data-id=\"cdb7fa5\" data-element_type=\"widget\" data-widget_type=\"heading.default\">\n\t\t\t\t<div class=\"elementor-widget-container\">\n\t\t\t\t\t<h5 class=\"elementor-heading-title elementor-size-default\">Laminado caliente<\/h5>\t\t\t\t<\/div>\n\t\t\t\t<\/div>\n\t\t\t\t<div class=\"elementor-element elementor-element-f590d19 elementor-align-center elementor-widget elementor-widget-button\" data-id=\"f590d19\" data-element_type=\"widget\" data-widget_type=\"button.default\">\n\t\t\t\t<div class=\"elementor-widget-container\">\n\t\t\t\t\t\t\t\t\t<div class=\"elementor-button-wrapper\">\n\t\t\t\t\t<a class=\"elementor-button elementor-button-link elementor-size-xs\" href=\"https:\/\/ipac-acero.com\/wp-content\/uploads\/2025\/10\/CATALOGO%20NUEVO%20LOGO%201.pdf\" target=\"_blank\">\n\t\t\t\t\t\t<span class=\"elementor-button-content-wrapper\">\n\t\t\t\t\t\t\t\t\t<span class=\"elementor-button-text\">ver cat\u00e1logo <\/span>\n\t\t\t\t\t<\/span>\n\t\t\t\t\t<\/a>\n\t\t\t\t<\/div>\n\t\t\t\t\t\t\t\t<\/div>\n\t\t\t\t<\/div>\n\t\t\t\t\t<\/div>\n\t\t<\/div>\n\t\t\t\t<div class=\"elementor-column elementor-col-20 elementor-top-column elementor-element elementor-element-88b6383\" data-id=\"88b6383\" data-element_type=\"column\">\n\t\t\t<div class=\"elementor-widget-wrap elementor-element-populated\">\n\t\t\t\t\t\t<div class=\"elementor-element elementor-element-b06d7a1 elementor-widget elementor-widget-image\" data-id=\"b06d7a1\" data-element_type=\"widget\" data-widget_type=\"image.default\">\n\t\t\t\t<div class=\"elementor-widget-container\">\n\t\t\t\t\t\t\t\t\t\t\t\t\t\t\t<img decoding=\"async\" width=\"500\" height=\"500\" src=\"https:\/\/ipac-acero.com\/wp-content\/uploads\/2023\/02\/Fleje_Galvanizado.jpg\" class=\"attachment-full size-full wp-image-935\" alt=\"\" srcset=\"https:\/\/ipac-acero.com\/wp-content\/uploads\/2023\/02\/Fleje_Galvanizado.jpg 500w, https:\/\/ipac-acero.com\/wp-content\/uploads\/2023\/02\/Fleje_Galvanizado-300x300.jpg 300w, https:\/\/ipac-acero.com\/wp-content\/uploads\/2023\/02\/Fleje_Galvanizado-150x150.jpg 150w\" sizes=\"(max-width: 500px) 100vw, 500px\" \/>\t\t\t\t\t\t\t\t\t\t\t\t\t\t\t<\/div>\n\t\t\t\t<\/div>\n\t\t\t\t<div class=\"elementor-element elementor-element-ad48592 elementor-widget elementor-widget-heading\" data-id=\"ad48592\" data-element_type=\"widget\" data-widget_type=\"heading.default\">\n\t\t\t\t<div class=\"elementor-widget-container\">\n\t\t\t\t\t<h5 class=\"elementor-heading-title elementor-size-default\">Galvanizado<\/h5>\t\t\t\t<\/div>\n\t\t\t\t<\/div>\n\t\t\t\t<div class=\"elementor-element elementor-element-e96ba8b elementor-align-center elementor-widget elementor-widget-button\" data-id=\"e96ba8b\" data-element_type=\"widget\" data-widget_type=\"button.default\">\n\t\t\t\t<div class=\"elementor-widget-container\">\n\t\t\t\t\t\t\t\t\t<div class=\"elementor-button-wrapper\">\n\t\t\t\t\t<a class=\"elementor-button elementor-button-link elementor-size-xs\" href=\"https:\/\/ipac-acero.com\/wp-content\/uploads\/2025\/10\/CATALOGO%20NUEVO%20LOGO%201.pdf\" target=\"_blank\">\n\t\t\t\t\t\t<span class=\"elementor-button-content-wrapper\">\n\t\t\t\t\t\t\t\t\t<span class=\"elementor-button-text\">ver cat\u00e1logo <\/span>\n\t\t\t\t\t<\/span>\n\t\t\t\t\t<\/a>\n\t\t\t\t<\/div>\n\t\t\t\t\t\t\t\t<\/div>\n\t\t\t\t<\/div>\n\t\t\t\t\t<\/div>\n\t\t<\/div>\n\t\t\t\t<div class=\"elementor-column elementor-col-20 elementor-top-column elementor-element elementor-element-75572e2\" data-id=\"75572e2\" data-element_type=\"column\">\n\t\t\t<div class=\"elementor-widget-wrap elementor-element-populated\">\n\t\t\t\t\t\t<div class=\"elementor-element elementor-element-6a7b983 elementor-widget elementor-widget-image\" data-id=\"6a7b983\" data-element_type=\"widget\" data-widget_type=\"image.default\">\n\t\t\t\t<div class=\"elementor-widget-container\">\n\t\t\t\t\t\t\t\t\t\t\t\t\t\t\t<img decoding=\"async\" width=\"500\" height=\"500\" src=\"https:\/\/ipac-acero.com\/wp-content\/uploads\/2023\/02\/Fleje_Frio.jpg\" class=\"attachment-full size-full wp-image-934\" alt=\"\" srcset=\"https:\/\/ipac-acero.com\/wp-content\/uploads\/2023\/02\/Fleje_Frio.jpg 500w, https:\/\/ipac-acero.com\/wp-content\/uploads\/2023\/02\/Fleje_Frio-300x300.jpg 300w, https:\/\/ipac-acero.com\/wp-content\/uploads\/2023\/02\/Fleje_Frio-150x150.jpg 150w\" sizes=\"(max-width: 500px) 100vw, 500px\" \/>\t\t\t\t\t\t\t\t\t\t\t\t\t\t\t<\/div>\n\t\t\t\t<\/div>\n\t\t\t\t<div class=\"elementor-element elementor-element-759cf11 elementor-widget elementor-widget-heading\" data-id=\"759cf11\" data-element_type=\"widget\" data-widget_type=\"heading.default\">\n\t\t\t\t<div class=\"elementor-widget-container\">\n\t\t\t\t\t<h5 class=\"elementor-heading-title elementor-size-default\">Laminado fr\u00edo<\/h5>\t\t\t\t<\/div>\n\t\t\t\t<\/div>\n\t\t\t\t<div class=\"elementor-element elementor-element-792e834 elementor-align-center elementor-widget elementor-widget-button\" data-id=\"792e834\" data-element_type=\"widget\" data-widget_type=\"button.default\">\n\t\t\t\t<div class=\"elementor-widget-container\">\n\t\t\t\t\t\t\t\t\t<div class=\"elementor-button-wrapper\">\n\t\t\t\t\t<a class=\"elementor-button elementor-button-link elementor-size-xs\" href=\"https:\/\/ipac-acero.com\/wp-content\/uploads\/2025\/10\/CATALOGO%20NUEVO%20LOGO%201.pdf\" target=\"_blank\">\n\t\t\t\t\t\t<span class=\"elementor-button-content-wrapper\">\n\t\t\t\t\t\t\t\t\t<span class=\"elementor-button-text\">ver cat\u00e1logo <\/span>\n\t\t\t\t\t<\/span>\n\t\t\t\t\t<\/a>\n\t\t\t\t<\/div>\n\t\t\t\t\t\t\t\t<\/div>\n\t\t\t\t<\/div>\n\t\t\t\t\t<\/div>\n\t\t<\/div>\n\t\t\t\t<div class=\"elementor-column elementor-col-20 elementor-top-column elementor-element elementor-element-b114b4c\" data-id=\"b114b4c\" data-element_type=\"column\">\n\t\t\t<div class=\"elementor-widget-wrap\">\n\t\t\t\t\t\t\t<\/div>\n\t\t<\/div>\n\t\t\t\t\t<\/div>\n\t\t<\/section>\n\t\t\t\t<\/div>\n\t\t","protected":false},"excerpt":{"rendered":"<p>FLEJES Laminado caliente ver cat\u00e1logo Galvanizado ver cat\u00e1logo Laminado fr\u00edo ver cat\u00e1logo<\/p>\n","protected":false},"author":2,"featured_media":0,"parent":0,"menu_order":0,"comment_status":"closed","ping_status":"closed","template":"","meta":{"footnotes":""},"class_list":["post-929","page","type-page","status-publish","hentry"],"yoast_head":"<!-- This site is optimized with the Yoast SEO plugin v27.4 - https:\/\/yoast.com\/product\/yoast-seo-wordpress\/ -->\n<title>FLEJES - IPAC S.A<\/title>\n<meta name=\"robots\" content=\"index, follow, max-snippet:-1, max-image-preview:large, max-video-preview:-1\" \/>\n<link rel=\"canonical\" href=\"https:\/\/ipac-acero.com\/?page_id=929\" \/>\n<meta property=\"og:locale\" content=\"es_ES\" \/>\n<meta property=\"og:type\" content=\"article\" \/>\n<meta property=\"og:title\" content=\"FLEJES - IPAC S.A\" \/>\n<meta property=\"og:description\" content=\"FLEJES Laminado caliente ver cat\u00e1logo Galvanizado ver cat\u00e1logo Laminado fr\u00edo ver cat\u00e1logo\" \/>\n<meta property=\"og:url\" content=\"https:\/\/ipac-acero.com\/?page_id=929\" \/>\n<meta property=\"og:site_name\" content=\"IPAC S.A\" \/>\n<meta property=\"article:modified_time\" content=\"2025-10-06T17:52:05+00:00\" \/>\n<meta property=\"og:image\" content=\"https:\/\/ipac-acero.com\/wp-content\/uploads\/2023\/02\/Fleje_Caliente.jpg\" \/>\n\t<meta property=\"og:image:width\" content=\"500\" \/>\n\t<meta property=\"og:image:height\" content=\"500\" \/>\n\t<meta property=\"og:image:type\" content=\"image\/jpeg\" \/>\n<meta name=\"twitter:card\" content=\"summary_large_image\" \/>\n<meta name=\"twitter:label1\" content=\"Tiempo de lectura\" \/>\n\t<meta name=\"twitter:data1\" content=\"1 minuto\" \/>\n<script type=\"application\/ld+json\" class=\"yoast-schema-graph\">{\"@context\":\"https:\\\/\\\/schema.org\",\"@graph\":[{\"@type\":\"WebPage\",\"@id\":\"https:\\\/\\\/ipac-acero.com\\\/?page_id=929\",\"url\":\"https:\\\/\\\/ipac-acero.com\\\/?page_id=929\",\"name\":\"FLEJES - IPAC S.A\",\"isPartOf\":{\"@id\":\"https:\\\/\\\/ipac-acero.com\\\/#website\"},\"primaryImageOfPage\":{\"@id\":\"https:\\\/\\\/ipac-acero.com\\\/?page_id=929#primaryimage\"},\"image\":{\"@id\":\"https:\\\/\\\/ipac-acero.com\\\/?page_id=929#primaryimage\"},\"thumbnailUrl\":\"https:\\\/\\\/ipac-acero.com\\\/wp-content\\\/uploads\\\/2023\\\/02\\\/Fleje_Caliente.jpg\",\"datePublished\":\"2023-02-14T01:04:35+00:00\",\"dateModified\":\"2025-10-06T17:52:05+00:00\",\"breadcrumb\":{\"@id\":\"https:\\\/\\\/ipac-acero.com\\\/?page_id=929#breadcrumb\"},\"inLanguage\":\"es\",\"potentialAction\":[{\"@type\":\"ReadAction\",\"target\":[\"https:\\\/\\\/ipac-acero.com\\\/?page_id=929\"]}]},{\"@type\":\"ImageObject\",\"inLanguage\":\"es\",\"@id\":\"https:\\\/\\\/ipac-acero.com\\\/?page_id=929#primaryimage\",\"url\":\"https:\\\/\\\/ipac-acero.com\\\/wp-content\\\/uploads\\\/2023\\\/02\\\/Fleje_Caliente.jpg\",\"contentUrl\":\"https:\\\/\\\/ipac-acero.com\\\/wp-content\\\/uploads\\\/2023\\\/02\\\/Fleje_Caliente.jpg\",\"width\":500,\"height\":500},{\"@type\":\"BreadcrumbList\",\"@id\":\"https:\\\/\\\/ipac-acero.com\\\/?page_id=929#breadcrumb\",\"itemListElement\":[{\"@type\":\"ListItem\",\"position\":1,\"name\":\"Portada\",\"item\":\"https:\\\/\\\/ipac-acero.com\\\/\"},{\"@type\":\"ListItem\",\"position\":2,\"name\":\"FLEJES\"}]},{\"@type\":\"WebSite\",\"@id\":\"https:\\\/\\\/ipac-acero.com\\\/#website\",\"url\":\"https:\\\/\\\/ipac-acero.com\\\/\",\"name\":\"IPAC S.A\",\"description\":\"Por los caminos del acero\",\"publisher\":{\"@id\":\"https:\\\/\\\/ipac-acero.com\\\/#organization\"},\"potentialAction\":[{\"@type\":\"SearchAction\",\"target\":{\"@type\":\"EntryPoint\",\"urlTemplate\":\"https:\\\/\\\/ipac-acero.com\\\/?s={search_term_string}\"},\"query-input\":{\"@type\":\"PropertyValueSpecification\",\"valueRequired\":true,\"valueName\":\"search_term_string\"}}],\"inLanguage\":\"es\"},{\"@type\":\"Organization\",\"@id\":\"https:\\\/\\\/ipac-acero.com\\\/#organization\",\"name\":\"Ipac Acero\",\"url\":\"https:\\\/\\\/ipac-acero.com\\\/\",\"logo\":{\"@type\":\"ImageObject\",\"inLanguage\":\"es\",\"@id\":\"https:\\\/\\\/ipac-acero.com\\\/#\\\/schema\\\/logo\\\/image\\\/\",\"url\":\"https:\\\/\\\/ipac-acero.com\\\/wp-content\\\/uploads\\\/2023\\\/04\\\/seo.png\",\"contentUrl\":\"https:\\\/\\\/ipac-acero.com\\\/wp-content\\\/uploads\\\/2023\\\/04\\\/seo.png\",\"width\":280,\"height\":280,\"caption\":\"Ipac Acero\"},\"image\":{\"@id\":\"https:\\\/\\\/ipac-acero.com\\\/#\\\/schema\\\/logo\\\/image\\\/\"}}]}<\/script>\n<!-- \/ Yoast SEO plugin. -->","yoast_head_json":{"title":"FLEJES - IPAC S.A","robots":{"index":"index","follow":"follow","max-snippet":"max-snippet:-1","max-image-preview":"max-image-preview:large","max-video-preview":"max-video-preview:-1"},"canonical":"https:\/\/ipac-acero.com\/?page_id=929","og_locale":"es_ES","og_type":"article","og_title":"FLEJES - IPAC S.A","og_description":"FLEJES Laminado caliente ver cat\u00e1logo Galvanizado ver cat\u00e1logo Laminado fr\u00edo ver cat\u00e1logo","og_url":"https:\/\/ipac-acero.com\/?page_id=929","og_site_name":"IPAC S.A","article_modified_time":"2025-10-06T17:52:05+00:00","og_image":[{"width":500,"height":500,"url":"https:\/\/ipac-acero.com\/wp-content\/uploads\/2023\/02\/Fleje_Caliente.jpg","type":"image\/jpeg"}],"twitter_card":"summary_large_image","twitter_misc":{"Tiempo de lectura":"1 minuto"},"schema":{"@context":"https:\/\/schema.org","@graph":[{"@type":"WebPage","@id":"https:\/\/ipac-acero.com\/?page_id=929","url":"https:\/\/ipac-acero.com\/?page_id=929","name":"FLEJES - IPAC S.A","isPartOf":{"@id":"https:\/\/ipac-acero.com\/#website"},"primaryImageOfPage":{"@id":"https:\/\/ipac-acero.com\/?page_id=929#primaryimage"},"image":{"@id":"https:\/\/ipac-acero.com\/?page_id=929#primaryimage"},"thumbnailUrl":"https:\/\/ipac-acero.com\/wp-content\/uploads\/2023\/02\/Fleje_Caliente.jpg","datePublished":"2023-02-14T01:04:35+00:00","dateModified":"2025-10-06T17:52:05+00:00","breadcrumb":{"@id":"https:\/\/ipac-acero.com\/?page_id=929#breadcrumb"},"inLanguage":"es","potentialAction":[{"@type":"ReadAction","target":["https:\/\/ipac-acero.com\/?page_id=929"]}]},{"@type":"ImageObject","inLanguage":"es","@id":"https:\/\/ipac-acero.com\/?page_id=929#primaryimage","url":"https:\/\/ipac-acero.com\/wp-content\/uploads\/2023\/02\/Fleje_Caliente.jpg","contentUrl":"https:\/\/ipac-acero.com\/wp-content\/uploads\/2023\/02\/Fleje_Caliente.jpg","width":500,"height":500},{"@type":"BreadcrumbList","@id":"https:\/\/ipac-acero.com\/?page_id=929#breadcrumb","itemListElement":[{"@type":"ListItem","position":1,"name":"Portada","item":"https:\/\/ipac-acero.com\/"},{"@type":"ListItem","position":2,"name":"FLEJES"}]},{"@type":"WebSite","@id":"https:\/\/ipac-acero.com\/#website","url":"https:\/\/ipac-acero.com\/","name":"IPAC S.A","description":"Por los caminos del acero","publisher":{"@id":"https:\/\/ipac-acero.com\/#organization"},"potentialAction":[{"@type":"SearchAction","target":{"@type":"EntryPoint","urlTemplate":"https:\/\/ipac-acero.com\/?s={search_term_string}"},"query-input":{"@type":"PropertyValueSpecification","valueRequired":true,"valueName":"search_term_string"}}],"inLanguage":"es"},{"@type":"Organization","@id":"https:\/\/ipac-acero.com\/#organization","name":"Ipac Acero","url":"https:\/\/ipac-acero.com\/","logo":{"@type":"ImageObject","inLanguage":"es","@id":"https:\/\/ipac-acero.com\/#\/schema\/logo\/image\/","url":"https:\/\/ipac-acero.com\/wp-content\/uploads\/2023\/04\/seo.png","contentUrl":"https:\/\/ipac-acero.com\/wp-content\/uploads\/2023\/04\/seo.png","width":280,"height":280,"caption":"Ipac Acero"},"image":{"@id":"https:\/\/ipac-acero.com\/#\/schema\/logo\/image\/"}}]}},"_links":{"self":[{"href":"https:\/\/ipac-acero.com\/index.php?rest_route=\/wp\/v2\/pages\/929","targetHints":{"allow":["GET"]}}],"collection":[{"href":"https:\/\/ipac-acero.com\/index.php?rest_route=\/wp\/v2\/pages"}],"about":[{"href":"https:\/\/ipac-acero.com\/index.php?rest_route=\/wp\/v2\/types\/page"}],"author":[{"embeddable":true,"href":"https:\/\/ipac-acero.com\/index.php?rest_route=\/wp\/v2\/users\/2"}],"replies":[{"embeddable":true,"href":"https:\/\/ipac-acero.com\/index.php?rest_route=%2Fwp%2Fv2%2Fcomments&post=929"}],"version-history":[{"count":3,"href":"https:\/\/ipac-acero.com\/index.php?rest_route=\/wp\/v2\/pages\/929\/revisions"}],"predecessor-version":[{"id":3660,"href":"https:\/\/ipac-acero.com\/index.php?rest_route=\/wp\/v2\/pages\/929\/revisions\/3660"}],"wp:attachment":[{"href":"https:\/\/ipac-acero.com\/index.php?rest_route=%2Fwp%2Fv2%2Fmedia&parent=929"}],"curies":[{"name":"wp","href":"https:\/\/api.w.org\/{rel}","templated":true}]}}