{"id":813,"date":"2023-02-13T17:39:56","date_gmt":"2023-02-13T22:39:56","guid":{"rendered":"https:\/\/ipac-acero.com\/?page_id=813"},"modified":"2023-02-22T17:13:51","modified_gmt":"2023-02-22T22:13:51","slug":"noticias","status":"publish","type":"page","link":"https:\/\/ipac-acero.com\/?page_id=813","title":{"rendered":"Noticias"},"content":{"rendered":"\t\t<div data-elementor-type=\"wp-page\" data-elementor-id=\"813\" class=\"elementor elementor-813\" data-elementor-post-type=\"page\">\n\t\t\t\t\t\t<section class=\"elementor-section elementor-top-section elementor-element elementor-element-1545f7a elementor-section-height-min-height elementor-section-boxed elementor-section-height-default elementor-section-items-middle\" data-id=\"1545f7a\" data-element_type=\"section\" data-settings=\"{&quot;background_background&quot;:&quot;classic&quot;}\">\n\t\t\t\t\t\t<div class=\"elementor-container elementor-column-gap-default\">\n\t\t\t\t\t<div class=\"elementor-column elementor-col-100 elementor-top-column elementor-element elementor-element-e57131c\" data-id=\"e57131c\" data-element_type=\"column\">\n\t\t\t<div class=\"elementor-widget-wrap\">\n\t\t\t\t\t\t\t<\/div>\n\t\t<\/div>\n\t\t\t\t\t<\/div>\n\t\t<\/section>\n\t\t\t\t<section class=\"elementor-section elementor-top-section elementor-element elementor-element-063519d elementor-section-boxed elementor-section-height-default elementor-section-height-default\" data-id=\"063519d\" data-element_type=\"section\">\n\t\t\t\t\t\t<div class=\"elementor-container elementor-column-gap-default\">\n\t\t\t\t\t<div class=\"elementor-column elementor-col-100 elementor-top-column elementor-element elementor-element-362bc4e\" data-id=\"362bc4e\" data-element_type=\"column\">\n\t\t\t<div class=\"elementor-widget-wrap elementor-element-populated\">\n\t\t\t\t\t\t<div class=\"elementor-element elementor-element-58166ad wpr-grid-columns-1 wpr-grid-columns--tablet1 wpr-grid-columns--mobile1 wpr-grid-pagination-center wpr-item-styles-inner elementor-widget elementor-widget-wpr-grid\" data-id=\"58166ad\" data-element_type=\"widget\" data-widget_type=\"wpr-grid.default\">\n\t\t\t\t<div class=\"elementor-widget-container\">\n\t\t\t\t\t<ul class=\"wpr-grid-filters elementor-clearfix wpr-grid-filters-sep-right\"><li class=\" wpr-pointer-none wpr-pointer-line-fx wpr-pointer-fx-none\"><span  data-filter=\"*\" class=\"wpr-grid-filters-item wpr-active-filter \">All<\/span><em class=\"wpr-grid-filters-sep\"><\/em><\/li><li class=\" wpr-pointer-none wpr-pointer-line-fx wpr-pointer-fx-none\"><span   data-ajax-filter=[\"category\",\"noticias\"]  data-filter=\".category-noticias\">Noticias<\/span><em class=\"wpr-grid-filters-sep\"><\/em><\/li><\/ul><section class=\"wpr-grid elementor-clearfix\" data-settings=\"{&quot;layout&quot;:&quot;list&quot;,&quot;stick_last_element_to_bottom&quot;:&quot;no&quot;,&quot;columns_desktop&quot;:1,&quot;gutter_hr&quot;:50,&quot;gutter_hr_mobile&quot;:50,&quot;gutter_hr_mobile_extra&quot;:50,&quot;gutter_hr_tablet&quot;:50,&quot;gutter_hr_tablet_extra&quot;:50,&quot;gutter_hr_laptop&quot;:50,&quot;gutter_hr_widescreen&quot;:50,&quot;gutter_vr&quot;:50,&quot;gutter_vr_mobile&quot;:50,&quot;gutter_vr_mobile_extra&quot;:50,&quot;gutter_vr_tablet&quot;:50,&quot;gutter_vr_tablet_extra&quot;:50,&quot;gutter_vr_laptop&quot;:50,&quot;gutter_vr_widescreen&quot;:50,&quot;animation&quot;:&quot;default&quot;,&quot;animation_duration&quot;:0.299999999999999988897769753748434595763683319091796875,&quot;animation_delay&quot;:0.1000000000000000055511151231257827021181583404541015625,&quot;deeplinking&quot;:&quot;&quot;,&quot;filters_linkable&quot;:&quot;no&quot;,&quot;filters_default_filter&quot;:&quot;&quot;,&quot;filters_count&quot;:&quot;&quot;,&quot;filters_hide_empty&quot;:&quot;yes&quot;,&quot;filters_animation&quot;:&quot;default&quot;,&quot;filters_animation_duration&quot;:0.299999999999999988897769753748434595763683319091796875,&quot;filters_animation_delay&quot;:0.1000000000000000055511151231257827021181583404541015625,&quot;pagination_type&quot;:&quot;numbered&quot;,&quot;pagination_max_pages&quot;:1,&quot;media_align&quot;:&quot;left&quot;,&quot;media_width&quot;:35,&quot;media_distance&quot;:30,&quot;lightbox&quot;:{&quot;selector&quot;:&quot;.wpr-grid-image-wrap&quot;,&quot;iframeMaxWidth&quot;:&quot;60%&quot;,&quot;hash&quot;:false,&quot;autoplay&quot;:&quot;true&quot;,&quot;pause&quot;:5000,&quot;progressBar&quot;:&quot;true&quot;,&quot;counter&quot;:&quot;true&quot;,&quot;controls&quot;:&quot;true&quot;,&quot;getCaptionFromTitleOrAlt&quot;:&quot;true&quot;,&quot;thumbnail&quot;:&quot;&quot;,&quot;showThumbByDefault&quot;:&quot;&quot;,&quot;share&quot;:&quot;&quot;,&quot;zoom&quot;:&quot;true&quot;,&quot;fullScreen&quot;:&quot;true&quot;,&quot;download&quot;:&quot;true&quot;}}\" data-advanced-filters=\"no\"><article class=\"wpr-grid-item elementor-clearfix post-3569 post type-post status-publish format-standard hentry category-noticias\"><div class=\"wpr-grid-item-inner\"><div class=\"wpr-grid-item-below-content elementor-clearfix\"><h2 class=\"wpr-grid-item-title elementor-repeater-item-2d29edf wpr-grid-item-display-block wpr-grid-item-align-left wpr-pointer-none wpr-pointer-line-fx wpr-pointer-fx-fade\"><div class=\"inner-block\"><a target=\"_self\"  href=\"https:\/\/ipac-acero.com\/?p=3569\">Cancelaci\u00f3n de novena emisi\u00f3n de papel comercial<\/a><\/div><\/h2><div class=\"wpr-grid-item-excerpt elementor-repeater-item-0025724 wpr-grid-item-display-block wpr-grid-item-align-left\"><div class=\"inner-block\"><p>Cancelaci\u00f3n de novena emisi\u00f3n de papel comercial\u200b Haz clic aqu\u00ed<\/p><\/div><\/div><div class=\"wpr-grid-item-read-more elementor-repeater-item-716d6c5 wpr-grid-item-display-block wpr-grid-item-align-left\"><div class=\"inner-block\"><a target=\"_self\" href=\"https:\/\/ipac-acero.com\/?p=3569\" class=\"wpr-button-effect wpr-button-none\"><span>Ver m\u00e1s<\/span><\/a><\/div><\/div><\/div><\/div><\/article><article class=\"wpr-grid-item elementor-clearfix post-2755 post type-post status-publish format-standard has-post-thumbnail hentry category-noticias tag-eco20 tag-energia-renovable tag-energia-solar tag-panel-solar tag-productos-ecologicos\"><div class=\"wpr-grid-item-inner\"><div class=\"wpr-grid-media-wrap wpr-effect-size-medium \" data-overlay-link=\"yes\"><div class=\"wpr-grid-image-wrap\" data-src=\"https:\/\/ipac-acero.com\/wp-content\/uploads\/2024\/08\/Post-Eco20.jpg\" data-img-on-hover=\"\"  data-src-secondary=\"\"><img decoding=\"async\" data-no-lazy=\"1\" src=\"https:\/\/ipac-acero.com\/wp-content\/uploads\/2024\/08\/Post-Eco20.jpg\" alt=\"Somos la primera empresa Eco20 en el Ecuador\" class=\"wpr-anim-timing-ease-default\"><\/div><div class=\"wpr-grid-media-hover wpr-animation-wrap\"><div class=\"wpr-grid-media-hover-bg  wpr-overlay-fade-in wpr-anim-size-large wpr-anim-timing-ease-default\" data-url=\"https:\/\/ipac-acero.com\/?p=2755\"><\/div><\/div><\/div><div class=\"wpr-grid-item-below-content elementor-clearfix\"><h2 class=\"wpr-grid-item-title elementor-repeater-item-2d29edf wpr-grid-item-display-block wpr-grid-item-align-left wpr-pointer-none wpr-pointer-line-fx wpr-pointer-fx-fade\"><div class=\"inner-block\"><a target=\"_self\"  href=\"https:\/\/ipac-acero.com\/?p=2755\">Somos la primera empresa Eco20 en el Ecuador<\/a><\/div><\/h2><div class=\"wpr-grid-item-excerpt elementor-repeater-item-0025724 wpr-grid-item-display-block wpr-grid-item-align-left\"><div class=\"inner-block\"><p>Hemos alcanzado un hito significativo al convertirnos en la primera empresa en el Ecuador en obtener la prestigiosa certificaci\u00f3n europea ECO20...<\/p><\/div><\/div><div class=\"wpr-grid-item-read-more elementor-repeater-item-716d6c5 wpr-grid-item-display-block wpr-grid-item-align-left\"><div class=\"inner-block\"><a target=\"_self\" href=\"https:\/\/ipac-acero.com\/?p=2755\" class=\"wpr-button-effect wpr-button-none\"><span>Ver m\u00e1s<\/span><\/a><\/div><\/div><\/div><\/div><\/article><article class=\"wpr-grid-item elementor-clearfix post-2801 post type-post status-publish format-standard has-post-thumbnail hentry category-noticias\"><div class=\"wpr-grid-item-inner\"><div class=\"wpr-grid-media-wrap wpr-effect-size-medium \" data-overlay-link=\"yes\"><div class=\"wpr-grid-image-wrap\" data-src=\"https:\/\/ipac-acero.com\/wp-content\/uploads\/2023\/04\/noticias10.png\" data-img-on-hover=\"\"  data-src-secondary=\"\"><img decoding=\"async\" data-no-lazy=\"1\" src=\"https:\/\/ipac-acero.com\/wp-content\/uploads\/2023\/04\/noticias10.png\" alt=\"Cancelaci\u00f3n de octava emisi\u00f3n de papel comercial\" class=\"wpr-anim-timing-ease-default\"><\/div><div class=\"wpr-grid-media-hover wpr-animation-wrap\"><div class=\"wpr-grid-media-hover-bg  wpr-overlay-fade-in wpr-anim-size-large wpr-anim-timing-ease-default\" data-url=\"https:\/\/ipac-acero.com\/?p=2801\"><\/div><\/div><\/div><div class=\"wpr-grid-item-below-content elementor-clearfix\"><h2 class=\"wpr-grid-item-title elementor-repeater-item-2d29edf wpr-grid-item-display-block wpr-grid-item-align-left wpr-pointer-none wpr-pointer-line-fx wpr-pointer-fx-fade\"><div class=\"inner-block\"><a target=\"_self\"  href=\"https:\/\/ipac-acero.com\/?p=2801\">Cancelaci\u00f3n de octava emisi\u00f3n de papel comercial<\/a><\/div><\/h2><div class=\"wpr-grid-item-excerpt elementor-repeater-item-0025724 wpr-grid-item-display-block wpr-grid-item-align-left\"><div class=\"inner-block\"><p>Resoluci\u00f3n No. SCVS-INMV-DNAR-2024-00004224<\/p><\/div><\/div><div class=\"wpr-grid-item-read-more elementor-repeater-item-716d6c5 wpr-grid-item-display-block wpr-grid-item-align-left\"><div class=\"inner-block\"><a target=\"_self\" href=\"https:\/\/ipac-acero.com\/?p=2801\" class=\"wpr-button-effect wpr-button-none\"><span>Ver m\u00e1s<\/span><\/a><\/div><\/div><\/div><\/div><\/article><article class=\"wpr-grid-item elementor-clearfix post-2244 post type-post status-publish format-standard has-post-thumbnail hentry category-noticias\"><div class=\"wpr-grid-item-inner\"><div class=\"wpr-grid-media-wrap wpr-effect-size-medium \" data-overlay-link=\"yes\"><div class=\"wpr-grid-image-wrap\" data-src=\"https:\/\/ipac-acero.com\/wp-content\/uploads\/2023\/04\/Post-Premio-EKOS-3.jpg\" data-img-on-hover=\"\"  data-src-secondary=\"\"><img decoding=\"async\" data-no-lazy=\"1\" src=\"https:\/\/ipac-acero.com\/wp-content\/uploads\/2023\/04\/Post-Premio-EKOS-3.jpg\" alt=\"Premio Ekos Empresas de Triple Impacto\" class=\"wpr-anim-timing-ease-default\"><\/div><div class=\"wpr-grid-media-hover wpr-animation-wrap\"><div class=\"wpr-grid-media-hover-bg  wpr-overlay-fade-in wpr-anim-size-large wpr-anim-timing-ease-default\" data-url=\"https:\/\/ipac-acero.com\/?p=2244\"><\/div><\/div><\/div><div class=\"wpr-grid-item-below-content elementor-clearfix\"><h2 class=\"wpr-grid-item-title elementor-repeater-item-2d29edf wpr-grid-item-display-block wpr-grid-item-align-left wpr-pointer-none wpr-pointer-line-fx wpr-pointer-fx-fade\"><div class=\"inner-block\"><a target=\"_self\"  href=\"https:\/\/ipac-acero.com\/?p=2244\">Premio Ekos Empresas de Triple Impacto<\/a><\/div><\/h2><div class=\"wpr-grid-item-excerpt elementor-repeater-item-0025724 wpr-grid-item-display-block wpr-grid-item-align-left\"><div class=\"inner-block\"><p>El pasado 29 de marzo obtuvimos el 1er lugar en el reconocimiento de Ekos como &quot;Empresa de Triple Impacto&quot; en la categor\u00eda &quot;Metalmec\u00e1nica&quot;.<\/p><\/div><\/div><div class=\"wpr-grid-item-read-more elementor-repeater-item-716d6c5 wpr-grid-item-display-block wpr-grid-item-align-left\"><div class=\"inner-block\"><a target=\"_self\" href=\"https:\/\/ipac-acero.com\/?p=2244\" class=\"wpr-button-effect wpr-button-none\"><span>Ver m\u00e1s<\/span><\/a><\/div><\/div><\/div><\/div><\/article><article class=\"wpr-grid-item elementor-clearfix post-1976 post type-post status-publish format-standard has-post-thumbnail hentry category-noticias\"><div class=\"wpr-grid-item-inner\"><div class=\"wpr-grid-media-wrap wpr-effect-size-medium \" data-overlay-link=\"yes\"><div class=\"wpr-grid-image-wrap\" data-src=\"https:\/\/ipac-acero.com\/wp-content\/uploads\/2023\/04\/noticias10.png\" data-img-on-hover=\"\"  data-src-secondary=\"\"><img decoding=\"async\" data-no-lazy=\"1\" src=\"https:\/\/ipac-acero.com\/wp-content\/uploads\/2023\/04\/noticias10.png\" alt=\"Emisi\u00f3n del 9no programa de papel comercial\" class=\"wpr-anim-timing-ease-default\"><\/div><div class=\"wpr-grid-media-hover wpr-animation-wrap\"><div class=\"wpr-grid-media-hover-bg  wpr-overlay-fade-in wpr-anim-size-large wpr-anim-timing-ease-default\" data-url=\"https:\/\/ipac-acero.com\/?p=1976\"><\/div><\/div><\/div><div class=\"wpr-grid-item-below-content elementor-clearfix\"><h2 class=\"wpr-grid-item-title elementor-repeater-item-2d29edf wpr-grid-item-display-block wpr-grid-item-align-left wpr-pointer-none wpr-pointer-line-fx wpr-pointer-fx-fade\"><div class=\"inner-block\"><a target=\"_self\"  href=\"https:\/\/ipac-acero.com\/?p=1976\">Emisi\u00f3n del 9no programa de papel comercial<\/a><\/div><\/h2><div class=\"wpr-grid-item-excerpt elementor-repeater-item-0025724 wpr-grid-item-display-block wpr-grid-item-align-left\"><div class=\"inner-block\"><p>La Superintendencia de Compa\u00f1\u00edas Valores y Seguros, autoriz\u00f3 a IPAC S.A, la emisi\u00f3n del 9no programa de papel comercial por un monto de hasta $20.000.000 para capital de trabajo.<\/p><\/div><\/div><div class=\"wpr-grid-item-read-more elementor-repeater-item-716d6c5 wpr-grid-item-display-block wpr-grid-item-align-left\"><div class=\"inner-block\"><a target=\"_self\" href=\"https:\/\/ipac-acero.com\/?p=1976\" class=\"wpr-button-effect wpr-button-none\"><span>Ver m\u00e1s<\/span><\/a><\/div><\/div><\/div><\/div><\/article><article class=\"wpr-grid-item elementor-clearfix post-1476 post type-post status-publish format-standard has-post-thumbnail hentry category-noticias\"><div class=\"wpr-grid-item-inner\"><div class=\"wpr-grid-media-wrap wpr-effect-size-medium \" data-overlay-link=\"yes\"><div class=\"wpr-grid-image-wrap\" data-src=\"https:\/\/ipac-acero.com\/wp-content\/uploads\/2023\/02\/PRINCIPAL-1.jpg\" data-img-on-hover=\"\"  data-src-secondary=\"\"><img decoding=\"async\" data-no-lazy=\"1\" src=\"https:\/\/ipac-acero.com\/wp-content\/uploads\/2023\/02\/PRINCIPAL-1.jpg\" alt=\"PLANTA FOTOVOLTAICA\" class=\"wpr-anim-timing-ease-default\"><\/div><div class=\"wpr-grid-media-hover wpr-animation-wrap\"><div class=\"wpr-grid-media-hover-bg  wpr-overlay-fade-in wpr-anim-size-large wpr-anim-timing-ease-default\" data-url=\"https:\/\/ipac-acero.com\/?p=1476\"><\/div><\/div><\/div><div class=\"wpr-grid-item-below-content elementor-clearfix\"><h2 class=\"wpr-grid-item-title elementor-repeater-item-2d29edf wpr-grid-item-display-block wpr-grid-item-align-left wpr-pointer-none wpr-pointer-line-fx wpr-pointer-fx-fade\"><div class=\"inner-block\"><a target=\"_self\"  href=\"https:\/\/ipac-acero.com\/?p=1476\">PLANTA FOTOVOLTAICA<\/a><\/div><\/h2><div class=\"wpr-grid-item-excerpt elementor-repeater-item-0025724 wpr-grid-item-display-block wpr-grid-item-align-left\"><div class=\"inner-block\"><p>Fiel a su filosof\u00eda de trabajar cuidando y respetando el medio ambiente, IPAC se convierte en una empresa pionera en el sector metalmec\u00e1nico utilizando energ\u00eda verde. En mayo del 2022 inaugura su planta fotovoltaica, con una capacidad de 1 MW de potencia. 2.400 paneles fueron instalados...<\/p><\/div><\/div><div class=\"wpr-grid-item-read-more elementor-repeater-item-716d6c5 wpr-grid-item-display-block wpr-grid-item-align-left\"><div class=\"inner-block\"><a target=\"_self\" href=\"https:\/\/ipac-acero.com\/?p=1476\" class=\"wpr-button-effect wpr-button-none\"><span>Ver m\u00e1s<\/span><\/a><\/div><\/div><\/div><\/div><\/article><article class=\"wpr-grid-item elementor-clearfix post-2734 post type-post status-publish format-standard has-post-thumbnail hentry category-noticias\"><div class=\"wpr-grid-item-inner\"><div class=\"wpr-grid-media-wrap wpr-effect-size-medium \" data-overlay-link=\"yes\"><div class=\"wpr-grid-image-wrap\" data-src=\"https:\/\/ipac-acero.com\/wp-content\/uploads\/2023\/04\/noticias10.png\" data-img-on-hover=\"\"  data-src-secondary=\"\"><img decoding=\"async\" data-no-lazy=\"1\" src=\"https:\/\/ipac-acero.com\/wp-content\/uploads\/2023\/04\/noticias10.png\" alt=\"Emisi\u00f3n del 8vo programa de papel comercial\" class=\"wpr-anim-timing-ease-default\"><\/div><div class=\"wpr-grid-media-hover wpr-animation-wrap\"><div class=\"wpr-grid-media-hover-bg  wpr-overlay-fade-in wpr-anim-size-large wpr-anim-timing-ease-default\" data-url=\"https:\/\/ipac-acero.com\/?p=2734\"><\/div><\/div><\/div><div class=\"wpr-grid-item-below-content elementor-clearfix\"><h2 class=\"wpr-grid-item-title elementor-repeater-item-2d29edf wpr-grid-item-display-block wpr-grid-item-align-left wpr-pointer-none wpr-pointer-line-fx wpr-pointer-fx-fade\"><div class=\"inner-block\"><a target=\"_self\"  href=\"https:\/\/ipac-acero.com\/?p=2734\">Emisi\u00f3n del 8vo programa de papel comercial<\/a><\/div><\/h2><div class=\"wpr-grid-item-excerpt elementor-repeater-item-0025724 wpr-grid-item-display-block wpr-grid-item-align-left\"><div class=\"inner-block\"><p>La Superintendencia de Compa\u00f1\u00edas Valores y Seguros, autoriz\u00f3 a IPAC S.A, la emisi\u00f3n del 8vo programa de papel comercial por un monto de hasta $20.000.000 para capital de trabajo.<\/p><\/div><\/div><div class=\"wpr-grid-item-read-more elementor-repeater-item-716d6c5 wpr-grid-item-display-block wpr-grid-item-align-left\"><div class=\"inner-block\"><a target=\"_self\" href=\"https:\/\/ipac-acero.com\/?p=2734\" class=\"wpr-button-effect wpr-button-none\"><span>Ver m\u00e1s<\/span><\/a><\/div><\/div><\/div><\/div><\/article><\/section>\t\t\t\t<\/div>\n\t\t\t\t<\/div>\n\t\t\t\t\t<\/div>\n\t\t<\/div>\n\t\t\t\t\t<\/div>\n\t\t<\/section>\n\t\t\t\t<\/div>\n\t\t","protected":false},"excerpt":{"rendered":"<p>All Noticias PLANTA FOTOVOLTAICA Fiel a su filosof\u00eda de trabajar cuidando y respetando el medio ambiente, IPAC se convierte en una empresa pionera en el sector metalmec\u00e1nico utilizando energ\u00eda verde. En mayo del 2022 inaugura su planta fotovoltaica, con una capacidad de 1 MW de potencia. 2.400 paneles fueron instalados&#8230; Ver m\u00e1s<\/p>\n","protected":false},"author":2,"featured_media":0,"parent":0,"menu_order":0,"comment_status":"closed","ping_status":"closed","template":"","meta":{"footnotes":""},"class_list":["post-813","page","type-page","status-publish","hentry"],"yoast_head":"<!-- This site is optimized with the Yoast SEO plugin v27.5 - https:\/\/yoast.com\/product\/yoast-seo-wordpress\/ -->\n<title>Noticias - IPAC S.A<\/title>\n<meta name=\"robots\" content=\"index, follow, max-snippet:-1, max-image-preview:large, max-video-preview:-1\" \/>\n<link rel=\"canonical\" href=\"https:\/\/ipac-acero.com\/?page_id=813\" \/>\n<meta property=\"og:locale\" content=\"es_ES\" \/>\n<meta property=\"og:type\" content=\"article\" \/>\n<meta property=\"og:title\" content=\"Noticias - IPAC S.A\" \/>\n<meta property=\"og:description\" content=\"All Noticias PLANTA FOTOVOLTAICA Fiel a su filosof\u00eda de trabajar cuidando y respetando el medio ambiente, IPAC se convierte en una empresa pionera en el sector metalmec\u00e1nico utilizando energ\u00eda verde. En mayo del 2022 inaugura su planta fotovoltaica, con una capacidad de 1 MW de potencia. 2.400 paneles fueron instalados&#8230; Ver m\u00e1s\" \/>\n<meta property=\"og:url\" content=\"https:\/\/ipac-acero.com\/?page_id=813\" \/>\n<meta property=\"og:site_name\" content=\"IPAC S.A\" \/>\n<meta property=\"article:modified_time\" content=\"2023-02-22T22:13:51+00:00\" \/>\n<meta property=\"og:image\" content=\"https:\/\/ipac-acero.com\/wp-content\/uploads\/2023\/02\/3ERA-1.jpg\" \/>\n<meta name=\"twitter:card\" content=\"summary_large_image\" \/>\n<script type=\"application\/ld+json\" class=\"yoast-schema-graph\">{\"@context\":\"https:\\\/\\\/schema.org\",\"@graph\":[{\"@type\":\"WebPage\",\"@id\":\"https:\\\/\\\/ipac-acero.com\\\/?page_id=813\",\"url\":\"https:\\\/\\\/ipac-acero.com\\\/?page_id=813\",\"name\":\"Noticias - IPAC S.A\",\"isPartOf\":{\"@id\":\"https:\\\/\\\/ipac-acero.com\\\/#website\"},\"primaryImageOfPage\":{\"@id\":\"https:\\\/\\\/ipac-acero.com\\\/?page_id=813#primaryimage\"},\"image\":{\"@id\":\"https:\\\/\\\/ipac-acero.com\\\/?page_id=813#primaryimage\"},\"thumbnailUrl\":\"https:\\\/\\\/ipac-acero.com\\\/wp-content\\\/uploads\\\/2023\\\/02\\\/3ERA-1.jpg\",\"datePublished\":\"2023-02-13T22:39:56+00:00\",\"dateModified\":\"2023-02-22T22:13:51+00:00\",\"breadcrumb\":{\"@id\":\"https:\\\/\\\/ipac-acero.com\\\/?page_id=813#breadcrumb\"},\"inLanguage\":\"es\",\"potentialAction\":[{\"@type\":\"ReadAction\",\"target\":[\"https:\\\/\\\/ipac-acero.com\\\/?page_id=813\"]}]},{\"@type\":\"ImageObject\",\"inLanguage\":\"es\",\"@id\":\"https:\\\/\\\/ipac-acero.com\\\/?page_id=813#primaryimage\",\"url\":\"https:\\\/\\\/ipac-acero.com\\\/wp-content\\\/uploads\\\/2023\\\/02\\\/3ERA-1.jpg\",\"contentUrl\":\"https:\\\/\\\/ipac-acero.com\\\/wp-content\\\/uploads\\\/2023\\\/02\\\/3ERA-1.jpg\",\"width\":1920,\"height\":1080},{\"@type\":\"BreadcrumbList\",\"@id\":\"https:\\\/\\\/ipac-acero.com\\\/?page_id=813#breadcrumb\",\"itemListElement\":[{\"@type\":\"ListItem\",\"position\":1,\"name\":\"Portada\",\"item\":\"https:\\\/\\\/ipac-acero.com\\\/\"},{\"@type\":\"ListItem\",\"position\":2,\"name\":\"Noticias\"}]},{\"@type\":\"WebSite\",\"@id\":\"https:\\\/\\\/ipac-acero.com\\\/#website\",\"url\":\"https:\\\/\\\/ipac-acero.com\\\/\",\"name\":\"IPAC S.A\",\"description\":\"Por los caminos del acero\",\"publisher\":{\"@id\":\"https:\\\/\\\/ipac-acero.com\\\/#organization\"},\"potentialAction\":[{\"@type\":\"SearchAction\",\"target\":{\"@type\":\"EntryPoint\",\"urlTemplate\":\"https:\\\/\\\/ipac-acero.com\\\/?s={search_term_string}\"},\"query-input\":{\"@type\":\"PropertyValueSpecification\",\"valueRequired\":true,\"valueName\":\"search_term_string\"}}],\"inLanguage\":\"es\"},{\"@type\":\"Organization\",\"@id\":\"https:\\\/\\\/ipac-acero.com\\\/#organization\",\"name\":\"Ipac Acero\",\"url\":\"https:\\\/\\\/ipac-acero.com\\\/\",\"logo\":{\"@type\":\"ImageObject\",\"inLanguage\":\"es\",\"@id\":\"https:\\\/\\\/ipac-acero.com\\\/#\\\/schema\\\/logo\\\/image\\\/\",\"url\":\"https:\\\/\\\/ipac-acero.com\\\/wp-content\\\/uploads\\\/2023\\\/04\\\/seo.png\",\"contentUrl\":\"https:\\\/\\\/ipac-acero.com\\\/wp-content\\\/uploads\\\/2023\\\/04\\\/seo.png\",\"width\":280,\"height\":280,\"caption\":\"Ipac Acero\"},\"image\":{\"@id\":\"https:\\\/\\\/ipac-acero.com\\\/#\\\/schema\\\/logo\\\/image\\\/\"}}]}<\/script>\n<!-- \/ Yoast SEO plugin. -->","yoast_head_json":{"title":"Noticias - IPAC S.A","robots":{"index":"index","follow":"follow","max-snippet":"max-snippet:-1","max-image-preview":"max-image-preview:large","max-video-preview":"max-video-preview:-1"},"canonical":"https:\/\/ipac-acero.com\/?page_id=813","og_locale":"es_ES","og_type":"article","og_title":"Noticias - IPAC S.A","og_description":"All Noticias PLANTA FOTOVOLTAICA Fiel a su filosof\u00eda de trabajar cuidando y respetando el medio ambiente, IPAC se convierte en una empresa pionera en el sector metalmec\u00e1nico utilizando energ\u00eda verde. En mayo del 2022 inaugura su planta fotovoltaica, con una capacidad de 1 MW de potencia. 2.400 paneles fueron instalados&#8230; Ver m\u00e1s","og_url":"https:\/\/ipac-acero.com\/?page_id=813","og_site_name":"IPAC S.A","article_modified_time":"2023-02-22T22:13:51+00:00","og_image":[{"url":"https:\/\/ipac-acero.com\/wp-content\/uploads\/2023\/02\/3ERA-1.jpg","type":"","width":"","height":""}],"twitter_card":"summary_large_image","schema":{"@context":"https:\/\/schema.org","@graph":[{"@type":"WebPage","@id":"https:\/\/ipac-acero.com\/?page_id=813","url":"https:\/\/ipac-acero.com\/?page_id=813","name":"Noticias - IPAC S.A","isPartOf":{"@id":"https:\/\/ipac-acero.com\/#website"},"primaryImageOfPage":{"@id":"https:\/\/ipac-acero.com\/?page_id=813#primaryimage"},"image":{"@id":"https:\/\/ipac-acero.com\/?page_id=813#primaryimage"},"thumbnailUrl":"https:\/\/ipac-acero.com\/wp-content\/uploads\/2023\/02\/3ERA-1.jpg","datePublished":"2023-02-13T22:39:56+00:00","dateModified":"2023-02-22T22:13:51+00:00","breadcrumb":{"@id":"https:\/\/ipac-acero.com\/?page_id=813#breadcrumb"},"inLanguage":"es","potentialAction":[{"@type":"ReadAction","target":["https:\/\/ipac-acero.com\/?page_id=813"]}]},{"@type":"ImageObject","inLanguage":"es","@id":"https:\/\/ipac-acero.com\/?page_id=813#primaryimage","url":"https:\/\/ipac-acero.com\/wp-content\/uploads\/2023\/02\/3ERA-1.jpg","contentUrl":"https:\/\/ipac-acero.com\/wp-content\/uploads\/2023\/02\/3ERA-1.jpg","width":1920,"height":1080},{"@type":"BreadcrumbList","@id":"https:\/\/ipac-acero.com\/?page_id=813#breadcrumb","itemListElement":[{"@type":"ListItem","position":1,"name":"Portada","item":"https:\/\/ipac-acero.com\/"},{"@type":"ListItem","position":2,"name":"Noticias"}]},{"@type":"WebSite","@id":"https:\/\/ipac-acero.com\/#website","url":"https:\/\/ipac-acero.com\/","name":"IPAC S.A","description":"Por los caminos del acero","publisher":{"@id":"https:\/\/ipac-acero.com\/#organization"},"potentialAction":[{"@type":"SearchAction","target":{"@type":"EntryPoint","urlTemplate":"https:\/\/ipac-acero.com\/?s={search_term_string}"},"query-input":{"@type":"PropertyValueSpecification","valueRequired":true,"valueName":"search_term_string"}}],"inLanguage":"es"},{"@type":"Organization","@id":"https:\/\/ipac-acero.com\/#organization","name":"Ipac Acero","url":"https:\/\/ipac-acero.com\/","logo":{"@type":"ImageObject","inLanguage":"es","@id":"https:\/\/ipac-acero.com\/#\/schema\/logo\/image\/","url":"https:\/\/ipac-acero.com\/wp-content\/uploads\/2023\/04\/seo.png","contentUrl":"https:\/\/ipac-acero.com\/wp-content\/uploads\/2023\/04\/seo.png","width":280,"height":280,"caption":"Ipac Acero"},"image":{"@id":"https:\/\/ipac-acero.com\/#\/schema\/logo\/image\/"}}]}},"_links":{"self":[{"href":"https:\/\/ipac-acero.com\/index.php?rest_route=\/wp\/v2\/pages\/813","targetHints":{"allow":["GET"]}}],"collection":[{"href":"https:\/\/ipac-acero.com\/index.php?rest_route=\/wp\/v2\/pages"}],"about":[{"href":"https:\/\/ipac-acero.com\/index.php?rest_route=\/wp\/v2\/types\/page"}],"author":[{"embeddable":true,"href":"https:\/\/ipac-acero.com\/index.php?rest_route=\/wp\/v2\/users\/2"}],"replies":[{"embeddable":true,"href":"https:\/\/ipac-acero.com\/index.php?rest_route=%2Fwp%2Fv2%2Fcomments&post=813"}],"version-history":[{"count":0,"href":"https:\/\/ipac-acero.com\/index.php?rest_route=\/wp\/v2\/pages\/813\/revisions"}],"wp:attachment":[{"href":"https:\/\/ipac-acero.com\/index.php?rest_route=%2Fwp%2Fv2%2Fmedia&parent=813"}],"curies":[{"name":"wp","href":"https:\/\/api.w.org\/{rel}","templated":true}]}}