{"id":443,"date":"2023-02-07T03:37:28","date_gmt":"2023-02-07T08:37:28","guid":{"rendered":"https:\/\/ipac-acero.com\/?page_id=443"},"modified":"2023-02-13T15:39:44","modified_gmt":"2023-02-13T20:39:44","slug":"cotiza-nuestros-productos","status":"publish","type":"page","link":"https:\/\/ipac-acero.com\/?page_id=443","title":{"rendered":"Cotiza nuestros productos"},"content":{"rendered":"\t\t<div data-elementor-type=\"wp-page\" data-elementor-id=\"443\" class=\"elementor elementor-443\" data-elementor-post-type=\"page\">\n\t\t\t\t\t\t<section class=\"elementor-section elementor-top-section elementor-element elementor-element-f07cbb0 elementor-section-full_width elementor-section-height-min-height elementor-section-height-default elementor-section-items-middle\" data-id=\"f07cbb0\" data-element_type=\"section\" data-settings=\"{&quot;background_background&quot;:&quot;classic&quot;}\">\n\t\t\t\t\t\t<div class=\"elementor-container elementor-column-gap-default\">\n\t\t\t\t\t<div class=\"elementor-column elementor-col-100 elementor-top-column elementor-element elementor-element-8064bd0\" data-id=\"8064bd0\" data-element_type=\"column\">\n\t\t\t<div class=\"elementor-widget-wrap\">\n\t\t\t\t\t\t\t<\/div>\n\t\t<\/div>\n\t\t\t\t\t<\/div>\n\t\t<\/section>\n\t\t\t\t<section class=\"elementor-section elementor-top-section elementor-element elementor-element-9cc78fd contacto-iconos elementor-section-boxed elementor-section-height-default elementor-section-height-default\" data-id=\"9cc78fd\" data-element_type=\"section\">\n\t\t\t\t\t\t<div class=\"elementor-container elementor-column-gap-default\">\n\t\t\t\t\t<div class=\"elementor-column elementor-col-16 elementor-top-column elementor-element elementor-element-95c0bc8\" data-id=\"95c0bc8\" data-element_type=\"column\">\n\t\t\t<div class=\"elementor-widget-wrap\">\n\t\t\t\t\t\t\t<\/div>\n\t\t<\/div>\n\t\t\t\t<div class=\"elementor-column elementor-col-66 elementor-top-column elementor-element elementor-element-095ba39\" data-id=\"095ba39\" data-element_type=\"column\">\n\t\t\t<div class=\"elementor-widget-wrap elementor-element-populated\">\n\t\t\t\t\t\t<div class=\"elementor-element elementor-element-3757342 elementor-widget elementor-widget-heading\" data-id=\"3757342\" data-element_type=\"widget\" data-widget_type=\"heading.default\">\n\t\t\t\t<div class=\"elementor-widget-container\">\n\t\t\t\t\t<h3 class=\"elementor-heading-title elementor-size-default\">PARA M\u00c1S INFORMACI\u00d3N D\u00c9JANOS TUS DATOS Y PRONTO TE ATENDEREMOS<\/h3>\t\t\t\t<\/div>\n\t\t\t\t<\/div>\n\t\t\t\t<div class=\"elementor-element elementor-element-0875629 elementor-widget elementor-widget-htcontactform-addons\" data-id=\"0875629\" data-element_type=\"widget\" data-widget_type=\"htcontactform-addons.default\">\n\t\t\t\t<div class=\"elementor-widget-container\">\n\t\t\t\t\t            <div class=\"htcontact-form-wrapper\" >\n                \n<div class=\"wpcf7 no-js\" id=\"wpcf7-f80-o1\" lang=\"es-ES\" dir=\"ltr\" data-wpcf7-id=\"80\">\n<div class=\"screen-reader-response\"><p role=\"status\" aria-live=\"polite\" aria-atomic=\"true\"><\/p> <ul><\/ul><\/div>\n<form action=\"\/index.php?rest_route=%2Fwp%2Fv2%2Fpages%2F443#wpcf7-f80-o1\" method=\"post\" class=\"wpcf7-form init\" aria-label=\"Formulario de contacto\" novalidate=\"novalidate\" data-status=\"init\">\n<fieldset class=\"hidden-fields-container\"><input type=\"hidden\" name=\"_wpcf7\" value=\"80\" \/><input type=\"hidden\" name=\"_wpcf7_version\" value=\"6.1.5\" \/><input type=\"hidden\" name=\"_wpcf7_locale\" value=\"es_ES\" \/><input type=\"hidden\" name=\"_wpcf7_unit_tag\" value=\"wpcf7-f80-o1\" \/><input type=\"hidden\" name=\"_wpcf7_container_post\" value=\"0\" \/><input type=\"hidden\" name=\"_wpcf7_posted_data_hash\" value=\"\" \/>\n<\/fieldset>\n<p><span class=\"wpcf7-form-control-wrap\" data-name=\"Nombre\"><input size=\"40\" maxlength=\"400\" class=\"wpcf7-form-control wpcf7-text wpcf7-validates-as-required\" aria-required=\"true\" aria-invalid=\"false\" placeholder=\"NOMBRE O RAZ\u00d3N SOCIAL\" value=\"\" type=\"text\" name=\"Nombre\" \/><\/span>\n<\/p>\n<p><span class=\"wpcf7-form-control-wrap\" data-name=\"number-328\"><input class=\"wpcf7-form-control wpcf7-number wpcf7-validates-as-required wpcf7-validates-as-number\" aria-required=\"true\" aria-invalid=\"false\" placeholder=\"N\u00daMERO DE C\u00c9DULA O RUC\" value=\"\" type=\"number\" name=\"number-328\" \/><\/span>\n<\/p>\n<p><span class=\"wpcf7-form-control-wrap\" data-name=\"your-email\"><input size=\"40\" maxlength=\"400\" class=\"wpcf7-form-control wpcf7-email wpcf7-validates-as-required wpcf7-text wpcf7-validates-as-email\" aria-required=\"true\" aria-invalid=\"false\" placeholder=\"CORREO ELECTR\u00d3NICO\" value=\"\" type=\"email\" name=\"your-email\" \/><\/span>\n<\/p>\n<p><span class=\"wpcf7-form-control-wrap\" data-name=\"tel-316\"><input size=\"40\" maxlength=\"400\" class=\"wpcf7-form-control wpcf7-tel wpcf7-validates-as-required wpcf7-text wpcf7-validates-as-tel\" aria-required=\"true\" aria-invalid=\"false\" placeholder=\"CELULAR\" value=\"\" type=\"tel\" name=\"tel-316\" \/><\/span>\n<\/p>\n<p><span class=\"wpcf7-form-control-wrap\" data-name=\"text-861\"><input size=\"40\" maxlength=\"400\" class=\"wpcf7-form-control wpcf7-text wpcf7-validates-as-required\" aria-required=\"true\" aria-invalid=\"false\" placeholder=\"CIUDAD\" value=\"\" type=\"text\" name=\"text-861\" \/><\/span>\n<\/p>\n<p><span class=\"wpcf7-form-control-wrap\" data-name=\"consentimiento-obligatorio\"><span class=\"wpcf7-form-control wpcf7-acceptance\"><span class=\"wpcf7-list-item\"><label><input type=\"checkbox\" name=\"consentimiento-obligatorio\" value=\"1\" aria-invalid=\"false\" \/><span class=\"wpcf7-list-item-label\">He le\u00eddo y acepto la <a href=\"https:\/\/ipac-acero.com\/?page_id=3140\" target=\"_blank\">Pol\u00edtica de Privacidad<\/a><\/span><\/label><\/span><\/span><\/span>\n<\/p>\n<p><span class=\"wpcf7-form-control-wrap\" data-name=\"Tratamiento\"><span class=\"wpcf7-form-control wpcf7-checkbox\"><span class=\"wpcf7-list-item first last\"><label><input type=\"checkbox\" name=\"Tratamiento[]\" value=\"Acepto el uso de mis datos personales para las finalidades del tratamiento de usuarios web, establecidas en la Pol\u00edtica de Privacidad.\" \/><span class=\"wpcf7-list-item-label\">Acepto el uso de mis datos personales para las finalidades del tratamiento de usuarios web, establecidas en la Pol\u00edtica de Privacidad.<\/span><\/label><\/span><\/span><\/span>\n<\/p>\n<p><span class=\"wpcf7-form-control-wrap\" data-name=\"Promociones\"><span class=\"wpcf7-form-control wpcf7-checkbox\"><span class=\"wpcf7-list-item first last\"><label><input type=\"checkbox\" name=\"Promociones[]\" value=\"Deseo recibir informaci\u00f3n comercial, novedades y promociones de IPAC por medios electr\u00f3nicos.\" \/><span class=\"wpcf7-list-item-label\">Deseo recibir informaci\u00f3n comercial, novedades y promociones de IPAC por medios electr\u00f3nicos.<\/span><\/label><\/span><\/span><\/span>\n<\/p>\n<p><input class=\"wpcf7-form-control wpcf7-submit has-spinner botonenviar\" type=\"submit\" value=\"Enviar\" \/>\n<\/p><div class=\"wpcf7-response-output\" aria-hidden=\"true\"><\/div>\n<\/form>\n<\/div>\n            <\/div>\n\n        \t\t\t\t<\/div>\n\t\t\t\t<\/div>\n\t\t\t\t\t<\/div>\n\t\t<\/div>\n\t\t\t\t<div class=\"elementor-column elementor-col-16 elementor-top-column elementor-element elementor-element-336e45f\" data-id=\"336e45f\" data-element_type=\"column\">\n\t\t\t<div class=\"elementor-widget-wrap\">\n\t\t\t\t\t\t\t<\/div>\n\t\t<\/div>\n\t\t\t\t\t<\/div>\n\t\t<\/section>\n\t\t\t\t<\/div>\n\t\t","protected":false},"excerpt":{"rendered":"<p>PARA M\u00c1S INFORMACI\u00d3N D\u00c9JANOS TUS DATOS Y PRONTO TE ATENDEREMOS<\/p>\n","protected":false},"author":2,"featured_media":0,"parent":0,"menu_order":0,"comment_status":"closed","ping_status":"closed","template":"","meta":{"footnotes":""},"class_list":["post-443","page","type-page","status-publish","hentry"],"yoast_head":"<!-- This site is optimized with the Yoast SEO plugin v27.4 - https:\/\/yoast.com\/product\/yoast-seo-wordpress\/ -->\n<title>Cotiza nuestros productos - IPAC S.A<\/title>\n<meta name=\"robots\" content=\"index, follow, max-snippet:-1, max-image-preview:large, max-video-preview:-1\" \/>\n<link rel=\"canonical\" href=\"https:\/\/ipac-acero.com\/?page_id=443\" \/>\n<meta property=\"og:locale\" content=\"es_ES\" \/>\n<meta property=\"og:type\" content=\"article\" \/>\n<meta property=\"og:title\" content=\"Cotiza nuestros productos - IPAC S.A\" \/>\n<meta property=\"og:description\" content=\"PARA M\u00c1S INFORMACI\u00d3N D\u00c9JANOS TUS DATOS Y PRONTO TE ATENDEREMOS\" \/>\n<meta property=\"og:url\" content=\"https:\/\/ipac-acero.com\/?page_id=443\" \/>\n<meta property=\"og:site_name\" content=\"IPAC S.A\" \/>\n<meta property=\"article:modified_time\" content=\"2023-02-13T20:39:44+00:00\" \/>\n<meta name=\"twitter:card\" content=\"summary_large_image\" \/>\n<script type=\"application\/ld+json\" class=\"yoast-schema-graph\">{\"@context\":\"https:\\\/\\\/schema.org\",\"@graph\":[{\"@type\":\"WebPage\",\"@id\":\"https:\\\/\\\/ipac-acero.com\\\/?page_id=443\",\"url\":\"https:\\\/\\\/ipac-acero.com\\\/?page_id=443\",\"name\":\"Cotiza nuestros productos - IPAC S.A\",\"isPartOf\":{\"@id\":\"https:\\\/\\\/ipac-acero.com\\\/#website\"},\"datePublished\":\"2023-02-07T08:37:28+00:00\",\"dateModified\":\"2023-02-13T20:39:44+00:00\",\"breadcrumb\":{\"@id\":\"https:\\\/\\\/ipac-acero.com\\\/?page_id=443#breadcrumb\"},\"inLanguage\":\"es\",\"potentialAction\":[{\"@type\":\"ReadAction\",\"target\":[\"https:\\\/\\\/ipac-acero.com\\\/?page_id=443\"]}]},{\"@type\":\"BreadcrumbList\",\"@id\":\"https:\\\/\\\/ipac-acero.com\\\/?page_id=443#breadcrumb\",\"itemListElement\":[{\"@type\":\"ListItem\",\"position\":1,\"name\":\"Portada\",\"item\":\"https:\\\/\\\/ipac-acero.com\\\/\"},{\"@type\":\"ListItem\",\"position\":2,\"name\":\"Cotiza nuestros productos\"}]},{\"@type\":\"WebSite\",\"@id\":\"https:\\\/\\\/ipac-acero.com\\\/#website\",\"url\":\"https:\\\/\\\/ipac-acero.com\\\/\",\"name\":\"IPAC S.A\",\"description\":\"Por los caminos del acero\",\"publisher\":{\"@id\":\"https:\\\/\\\/ipac-acero.com\\\/#organization\"},\"potentialAction\":[{\"@type\":\"SearchAction\",\"target\":{\"@type\":\"EntryPoint\",\"urlTemplate\":\"https:\\\/\\\/ipac-acero.com\\\/?s={search_term_string}\"},\"query-input\":{\"@type\":\"PropertyValueSpecification\",\"valueRequired\":true,\"valueName\":\"search_term_string\"}}],\"inLanguage\":\"es\"},{\"@type\":\"Organization\",\"@id\":\"https:\\\/\\\/ipac-acero.com\\\/#organization\",\"name\":\"Ipac Acero\",\"url\":\"https:\\\/\\\/ipac-acero.com\\\/\",\"logo\":{\"@type\":\"ImageObject\",\"inLanguage\":\"es\",\"@id\":\"https:\\\/\\\/ipac-acero.com\\\/#\\\/schema\\\/logo\\\/image\\\/\",\"url\":\"https:\\\/\\\/ipac-acero.com\\\/wp-content\\\/uploads\\\/2023\\\/04\\\/seo.png\",\"contentUrl\":\"https:\\\/\\\/ipac-acero.com\\\/wp-content\\\/uploads\\\/2023\\\/04\\\/seo.png\",\"width\":280,\"height\":280,\"caption\":\"Ipac Acero\"},\"image\":{\"@id\":\"https:\\\/\\\/ipac-acero.com\\\/#\\\/schema\\\/logo\\\/image\\\/\"}}]}<\/script>\n<!-- \/ Yoast SEO plugin. -->","yoast_head_json":{"title":"Cotiza nuestros productos - IPAC S.A","robots":{"index":"index","follow":"follow","max-snippet":"max-snippet:-1","max-image-preview":"max-image-preview:large","max-video-preview":"max-video-preview:-1"},"canonical":"https:\/\/ipac-acero.com\/?page_id=443","og_locale":"es_ES","og_type":"article","og_title":"Cotiza nuestros productos - IPAC S.A","og_description":"PARA M\u00c1S INFORMACI\u00d3N D\u00c9JANOS TUS DATOS Y PRONTO TE ATENDEREMOS","og_url":"https:\/\/ipac-acero.com\/?page_id=443","og_site_name":"IPAC S.A","article_modified_time":"2023-02-13T20:39:44+00:00","twitter_card":"summary_large_image","schema":{"@context":"https:\/\/schema.org","@graph":[{"@type":"WebPage","@id":"https:\/\/ipac-acero.com\/?page_id=443","url":"https:\/\/ipac-acero.com\/?page_id=443","name":"Cotiza nuestros productos - IPAC S.A","isPartOf":{"@id":"https:\/\/ipac-acero.com\/#website"},"datePublished":"2023-02-07T08:37:28+00:00","dateModified":"2023-02-13T20:39:44+00:00","breadcrumb":{"@id":"https:\/\/ipac-acero.com\/?page_id=443#breadcrumb"},"inLanguage":"es","potentialAction":[{"@type":"ReadAction","target":["https:\/\/ipac-acero.com\/?page_id=443"]}]},{"@type":"BreadcrumbList","@id":"https:\/\/ipac-acero.com\/?page_id=443#breadcrumb","itemListElement":[{"@type":"ListItem","position":1,"name":"Portada","item":"https:\/\/ipac-acero.com\/"},{"@type":"ListItem","position":2,"name":"Cotiza nuestros productos"}]},{"@type":"WebSite","@id":"https:\/\/ipac-acero.com\/#website","url":"https:\/\/ipac-acero.com\/","name":"IPAC S.A","description":"Por los caminos del acero","publisher":{"@id":"https:\/\/ipac-acero.com\/#organization"},"potentialAction":[{"@type":"SearchAction","target":{"@type":"EntryPoint","urlTemplate":"https:\/\/ipac-acero.com\/?s={search_term_string}"},"query-input":{"@type":"PropertyValueSpecification","valueRequired":true,"valueName":"search_term_string"}}],"inLanguage":"es"},{"@type":"Organization","@id":"https:\/\/ipac-acero.com\/#organization","name":"Ipac Acero","url":"https:\/\/ipac-acero.com\/","logo":{"@type":"ImageObject","inLanguage":"es","@id":"https:\/\/ipac-acero.com\/#\/schema\/logo\/image\/","url":"https:\/\/ipac-acero.com\/wp-content\/uploads\/2023\/04\/seo.png","contentUrl":"https:\/\/ipac-acero.com\/wp-content\/uploads\/2023\/04\/seo.png","width":280,"height":280,"caption":"Ipac Acero"},"image":{"@id":"https:\/\/ipac-acero.com\/#\/schema\/logo\/image\/"}}]}},"_links":{"self":[{"href":"https:\/\/ipac-acero.com\/index.php?rest_route=\/wp\/v2\/pages\/443","targetHints":{"allow":["GET"]}}],"collection":[{"href":"https:\/\/ipac-acero.com\/index.php?rest_route=\/wp\/v2\/pages"}],"about":[{"href":"https:\/\/ipac-acero.com\/index.php?rest_route=\/wp\/v2\/types\/page"}],"author":[{"embeddable":true,"href":"https:\/\/ipac-acero.com\/index.php?rest_route=\/wp\/v2\/users\/2"}],"replies":[{"embeddable":true,"href":"https:\/\/ipac-acero.com\/index.php?rest_route=%2Fwp%2Fv2%2Fcomments&post=443"}],"version-history":[{"count":0,"href":"https:\/\/ipac-acero.com\/index.php?rest_route=\/wp\/v2\/pages\/443\/revisions"}],"wp:attachment":[{"href":"https:\/\/ipac-acero.com\/index.php?rest_route=%2Fwp%2Fv2%2Fmedia&parent=443"}],"curies":[{"name":"wp","href":"https:\/\/api.w.org\/{rel}","templated":true}]}}