{"id":398,"date":"2023-02-07T02:32:47","date_gmt":"2023-02-07T07:32:47","guid":{"rendered":"https:\/\/ipac-acero.com\/?page_id=398"},"modified":"2023-02-07T02:36:20","modified_gmt":"2023-02-07T07:36:20","slug":"manifesto","status":"publish","type":"page","link":"https:\/\/ipac-acero.com\/?page_id=398","title":{"rendered":"Manifesto"},"content":{"rendered":"\t\t<div data-elementor-type=\"wp-page\" data-elementor-id=\"398\" class=\"elementor elementor-398\" data-elementor-post-type=\"page\">\n\t\t\t\t\t\t<section class=\"elementor-section elementor-top-section elementor-element elementor-element-1b9e2b2 elementor-section-boxed elementor-section-height-default elementor-section-height-default\" data-id=\"1b9e2b2\" data-element_type=\"section\" data-settings=\"{&quot;background_background&quot;:&quot;classic&quot;}\">\n\t\t\t\t\t\t<div class=\"elementor-container elementor-column-gap-default\">\n\t\t\t\t\t<div class=\"elementor-column elementor-col-100 elementor-top-column elementor-element elementor-element-b64e13d\" data-id=\"b64e13d\" data-element_type=\"column\">\n\t\t\t<div class=\"elementor-widget-wrap elementor-element-populated\">\n\t\t\t\t\t\t<div class=\"elementor-element elementor-element-c943e58 elementor-widget elementor-widget-heading\" data-id=\"c943e58\" data-element_type=\"widget\" data-widget_type=\"heading.default\">\n\t\t\t\t<div class=\"elementor-widget-container\">\n\t\t\t\t\t<h1 class=\"elementor-heading-title elementor-size-default\">Manifesto<\/h1>\t\t\t\t<\/div>\n\t\t\t\t<\/div>\n\t\t\t\t\t<\/div>\n\t\t<\/div>\n\t\t\t\t\t<\/div>\n\t\t<\/section>\n\t\t\t\t<section class=\"elementor-section elementor-top-section elementor-element elementor-element-5f0f535 elementor-section-boxed elementor-section-height-default elementor-section-height-default\" data-id=\"5f0f535\" data-element_type=\"section\">\n\t\t\t\t\t\t<div class=\"elementor-container elementor-column-gap-default\">\n\t\t\t\t\t<div class=\"elementor-column elementor-col-100 elementor-top-column elementor-element elementor-element-f3215b0\" data-id=\"f3215b0\" data-element_type=\"column\" data-settings=\"{&quot;background_background&quot;:&quot;classic&quot;}\">\n\t\t\t<div class=\"elementor-widget-wrap elementor-element-populated\">\n\t\t\t\t\t\t<div class=\"elementor-element elementor-element-71e3604 elementor-widget elementor-widget-text-editor\" data-id=\"71e3604\" data-element_type=\"widget\" data-widget_type=\"text-editor.default\">\n\t\t\t\t<div class=\"elementor-widget-container\">\n\t\t\t\t\t\t\t\t\t<p>IPAC asume y reafirma cada uno de los valores corporativos de la compa\u00f1\u00eda como punto de partida para una gesti\u00f3n socialmente responsable. Promueve una filosof\u00eda de gesti\u00f3n responsable en toda la cadena de valor: colaboradores, accionistas, clientes, proveedores y nuestra comunidad.<\/p><p>La empresa crea valor para su negocio y la sociedad, no solo a trav\u00e9s de los productos y servicios, sino tambi\u00e9n mediante el accionar \u00e9tico en los \u00e1mbitos econ\u00f3mico, ambiental y social.<\/p><p>El objetivo es que todas las pr\u00e1cticas responsables impregnen la cultura corporativa de IPAC, de tal manera de que se transformen en \u201cNuestro modo de ser\u201d como empresa y formen parte de la estrategia de negocio.<\/p><p>IPAC mantiene pr\u00e1cticas transparentes de Gobierno Corporativo; contribuye a la sostenibilidad del negocio, del medio ambiente y de las comunidades, as\u00ed como al desarrollo profesional y personal de los colaboradores y el bienestar de sus familias.<\/p>\t\t\t\t\t\t\t\t<\/div>\n\t\t\t\t<\/div>\n\t\t\t\t\t<\/div>\n\t\t<\/div>\n\t\t\t\t\t<\/div>\n\t\t<\/section>\n\t\t\t\t<\/div>\n\t\t","protected":false},"excerpt":{"rendered":"<p>Manifesto IPAC asume y reafirma cada uno de los valores corporativos de la compa\u00f1\u00eda como punto de partida para una gesti\u00f3n socialmente responsable. Promueve una filosof\u00eda de gesti\u00f3n responsable en toda la cadena de valor: colaboradores, accionistas, clientes, proveedores y nuestra comunidad. La empresa crea valor para su negocio y la sociedad, no solo a trav\u00e9s de los productos y servicios, sino tambi\u00e9n mediante el accionar \u00e9tico en los \u00e1mbitos econ\u00f3mico, ambiental y social. El objetivo es que todas las pr\u00e1cticas responsables impregnen la cultura corporativa de IPAC, de tal manera de que se transformen en \u201cNuestro modo de ser\u201d como empresa y formen parte de la estrategia de negocio. IPAC mantiene pr\u00e1cticas transparentes de Gobierno Corporativo; contribuye a la sostenibilidad del negocio, del medio ambiente y de las comunidades, as\u00ed como al desarrollo profesional y personal de los colaboradores y el bienestar de sus familias.<\/p>\n","protected":false},"author":2,"featured_media":0,"parent":0,"menu_order":0,"comment_status":"closed","ping_status":"closed","template":"","meta":{"footnotes":""},"class_list":["post-398","page","type-page","status-publish","hentry"],"yoast_head":"<!-- This site is optimized with the Yoast SEO plugin v27.6 - https:\/\/yoast.com\/product\/yoast-seo-wordpress\/ -->\n<title>Manifesto - IPAC S.A<\/title>\n<meta name=\"robots\" content=\"index, follow, max-snippet:-1, max-image-preview:large, max-video-preview:-1\" \/>\n<link rel=\"canonical\" href=\"https:\/\/ipac-acero.com\/?page_id=398\" \/>\n<meta property=\"og:locale\" content=\"es_ES\" \/>\n<meta property=\"og:type\" content=\"article\" \/>\n<meta property=\"og:title\" content=\"Manifesto - IPAC S.A\" \/>\n<meta property=\"og:description\" content=\"Manifesto IPAC asume y reafirma cada uno de los valores corporativos de la compa\u00f1\u00eda como punto de partida para una gesti\u00f3n socialmente responsable. Promueve una filosof\u00eda de gesti\u00f3n responsable en toda la cadena de valor: colaboradores, accionistas, clientes, proveedores y nuestra comunidad. La empresa crea valor para su negocio y la sociedad, no solo a trav\u00e9s de los productos y servicios, sino tambi\u00e9n mediante el accionar \u00e9tico en los \u00e1mbitos econ\u00f3mico, ambiental y social. El objetivo es que todas las pr\u00e1cticas responsables impregnen la cultura corporativa de IPAC, de tal manera de que se transformen en \u201cNuestro modo de ser\u201d como empresa y formen parte de la estrategia de negocio. IPAC mantiene pr\u00e1cticas transparentes de Gobierno Corporativo; contribuye a la sostenibilidad del negocio, del medio ambiente y de las comunidades, as\u00ed como al desarrollo profesional y personal de los colaboradores y el bienestar de sus familias.\" \/>\n<meta property=\"og:url\" content=\"https:\/\/ipac-acero.com\/?page_id=398\" \/>\n<meta property=\"og:site_name\" content=\"IPAC S.A\" \/>\n<meta property=\"article:modified_time\" content=\"2023-02-07T07:36:20+00:00\" \/>\n<meta name=\"twitter:card\" content=\"summary_large_image\" \/>\n<meta name=\"twitter:label1\" content=\"Tiempo de lectura\" \/>\n\t<meta name=\"twitter:data1\" content=\"1 minuto\" \/>\n<script type=\"application\/ld+json\" class=\"yoast-schema-graph\">{\"@context\":\"https:\\\/\\\/schema.org\",\"@graph\":[{\"@type\":\"WebPage\",\"@id\":\"https:\\\/\\\/ipac-acero.com\\\/?page_id=398\",\"url\":\"https:\\\/\\\/ipac-acero.com\\\/?page_id=398\",\"name\":\"Manifesto - IPAC S.A\",\"isPartOf\":{\"@id\":\"https:\\\/\\\/ipac-acero.com\\\/#website\"},\"datePublished\":\"2023-02-07T07:32:47+00:00\",\"dateModified\":\"2023-02-07T07:36:20+00:00\",\"breadcrumb\":{\"@id\":\"https:\\\/\\\/ipac-acero.com\\\/?page_id=398#breadcrumb\"},\"inLanguage\":\"es\",\"potentialAction\":[{\"@type\":\"ReadAction\",\"target\":[\"https:\\\/\\\/ipac-acero.com\\\/?page_id=398\"]}]},{\"@type\":\"BreadcrumbList\",\"@id\":\"https:\\\/\\\/ipac-acero.com\\\/?page_id=398#breadcrumb\",\"itemListElement\":[{\"@type\":\"ListItem\",\"position\":1,\"name\":\"Portada\",\"item\":\"https:\\\/\\\/ipac-acero.com\\\/\"},{\"@type\":\"ListItem\",\"position\":2,\"name\":\"Manifesto\"}]},{\"@type\":\"WebSite\",\"@id\":\"https:\\\/\\\/ipac-acero.com\\\/#website\",\"url\":\"https:\\\/\\\/ipac-acero.com\\\/\",\"name\":\"IPAC S.A\",\"description\":\"Por los caminos del acero\",\"publisher\":{\"@id\":\"https:\\\/\\\/ipac-acero.com\\\/#organization\"},\"potentialAction\":[{\"@type\":\"SearchAction\",\"target\":{\"@type\":\"EntryPoint\",\"urlTemplate\":\"https:\\\/\\\/ipac-acero.com\\\/?s={search_term_string}\"},\"query-input\":{\"@type\":\"PropertyValueSpecification\",\"valueRequired\":true,\"valueName\":\"search_term_string\"}}],\"inLanguage\":\"es\"},{\"@type\":\"Organization\",\"@id\":\"https:\\\/\\\/ipac-acero.com\\\/#organization\",\"name\":\"Ipac Acero\",\"url\":\"https:\\\/\\\/ipac-acero.com\\\/\",\"logo\":{\"@type\":\"ImageObject\",\"inLanguage\":\"es\",\"@id\":\"https:\\\/\\\/ipac-acero.com\\\/#\\\/schema\\\/logo\\\/image\\\/\",\"url\":\"https:\\\/\\\/ipac-acero.com\\\/wp-content\\\/uploads\\\/2023\\\/04\\\/seo.png\",\"contentUrl\":\"https:\\\/\\\/ipac-acero.com\\\/wp-content\\\/uploads\\\/2023\\\/04\\\/seo.png\",\"width\":280,\"height\":280,\"caption\":\"Ipac Acero\"},\"image\":{\"@id\":\"https:\\\/\\\/ipac-acero.com\\\/#\\\/schema\\\/logo\\\/image\\\/\"}}]}<\/script>\n<!-- \/ Yoast SEO plugin. -->","yoast_head_json":{"title":"Manifesto - IPAC S.A","robots":{"index":"index","follow":"follow","max-snippet":"max-snippet:-1","max-image-preview":"max-image-preview:large","max-video-preview":"max-video-preview:-1"},"canonical":"https:\/\/ipac-acero.com\/?page_id=398","og_locale":"es_ES","og_type":"article","og_title":"Manifesto - IPAC S.A","og_description":"Manifesto IPAC asume y reafirma cada uno de los valores corporativos de la compa\u00f1\u00eda como punto de partida para una gesti\u00f3n socialmente responsable. Promueve una filosof\u00eda de gesti\u00f3n responsable en toda la cadena de valor: colaboradores, accionistas, clientes, proveedores y nuestra comunidad. La empresa crea valor para su negocio y la sociedad, no solo a trav\u00e9s de los productos y servicios, sino tambi\u00e9n mediante el accionar \u00e9tico en los \u00e1mbitos econ\u00f3mico, ambiental y social. El objetivo es que todas las pr\u00e1cticas responsables impregnen la cultura corporativa de IPAC, de tal manera de que se transformen en \u201cNuestro modo de ser\u201d como empresa y formen parte de la estrategia de negocio. IPAC mantiene pr\u00e1cticas transparentes de Gobierno Corporativo; contribuye a la sostenibilidad del negocio, del medio ambiente y de las comunidades, as\u00ed como al desarrollo profesional y personal de los colaboradores y el bienestar de sus familias.","og_url":"https:\/\/ipac-acero.com\/?page_id=398","og_site_name":"IPAC S.A","article_modified_time":"2023-02-07T07:36:20+00:00","twitter_card":"summary_large_image","twitter_misc":{"Tiempo de lectura":"1 minuto"},"schema":{"@context":"https:\/\/schema.org","@graph":[{"@type":"WebPage","@id":"https:\/\/ipac-acero.com\/?page_id=398","url":"https:\/\/ipac-acero.com\/?page_id=398","name":"Manifesto - IPAC S.A","isPartOf":{"@id":"https:\/\/ipac-acero.com\/#website"},"datePublished":"2023-02-07T07:32:47+00:00","dateModified":"2023-02-07T07:36:20+00:00","breadcrumb":{"@id":"https:\/\/ipac-acero.com\/?page_id=398#breadcrumb"},"inLanguage":"es","potentialAction":[{"@type":"ReadAction","target":["https:\/\/ipac-acero.com\/?page_id=398"]}]},{"@type":"BreadcrumbList","@id":"https:\/\/ipac-acero.com\/?page_id=398#breadcrumb","itemListElement":[{"@type":"ListItem","position":1,"name":"Portada","item":"https:\/\/ipac-acero.com\/"},{"@type":"ListItem","position":2,"name":"Manifesto"}]},{"@type":"WebSite","@id":"https:\/\/ipac-acero.com\/#website","url":"https:\/\/ipac-acero.com\/","name":"IPAC S.A","description":"Por los caminos del acero","publisher":{"@id":"https:\/\/ipac-acero.com\/#organization"},"potentialAction":[{"@type":"SearchAction","target":{"@type":"EntryPoint","urlTemplate":"https:\/\/ipac-acero.com\/?s={search_term_string}"},"query-input":{"@type":"PropertyValueSpecification","valueRequired":true,"valueName":"search_term_string"}}],"inLanguage":"es"},{"@type":"Organization","@id":"https:\/\/ipac-acero.com\/#organization","name":"Ipac Acero","url":"https:\/\/ipac-acero.com\/","logo":{"@type":"ImageObject","inLanguage":"es","@id":"https:\/\/ipac-acero.com\/#\/schema\/logo\/image\/","url":"https:\/\/ipac-acero.com\/wp-content\/uploads\/2023\/04\/seo.png","contentUrl":"https:\/\/ipac-acero.com\/wp-content\/uploads\/2023\/04\/seo.png","width":280,"height":280,"caption":"Ipac Acero"},"image":{"@id":"https:\/\/ipac-acero.com\/#\/schema\/logo\/image\/"}}]}},"_links":{"self":[{"href":"https:\/\/ipac-acero.com\/index.php?rest_route=\/wp\/v2\/pages\/398","targetHints":{"allow":["GET"]}}],"collection":[{"href":"https:\/\/ipac-acero.com\/index.php?rest_route=\/wp\/v2\/pages"}],"about":[{"href":"https:\/\/ipac-acero.com\/index.php?rest_route=\/wp\/v2\/types\/page"}],"author":[{"embeddable":true,"href":"https:\/\/ipac-acero.com\/index.php?rest_route=\/wp\/v2\/users\/2"}],"replies":[{"embeddable":true,"href":"https:\/\/ipac-acero.com\/index.php?rest_route=%2Fwp%2Fv2%2Fcomments&post=398"}],"version-history":[{"count":0,"href":"https:\/\/ipac-acero.com\/index.php?rest_route=\/wp\/v2\/pages\/398\/revisions"}],"wp:attachment":[{"href":"https:\/\/ipac-acero.com\/index.php?rest_route=%2Fwp%2Fv2%2Fmedia&parent=398"}],"curies":[{"name":"wp","href":"https:\/\/api.w.org\/{rel}","templated":true}]}}